{"id":457,"date":"2024-02-19T20:13:30","date_gmt":"2024-02-19T19:13:30","guid":{"rendered":"https:\/\/acbirpichincha.com.ec\/?page_id=457"},"modified":"2026-01-19T14:47:43","modified_gmt":"2026-01-19T13:47:43","slug":"boletines","status":"publish","type":"page","link":"https:\/\/acbirpichincha.com.ec\/index.php\/boletines\/","title":{"rendered":"Boletines y Convocatorias"},"content":{"rendered":"\t\t<div data-elementor-type=\"wp-page\" data-elementor-id=\"457\" class=\"elementor elementor-457\" data-elementor-post-type=\"page\">\n\t\t\t\t<div class=\"elementor-element elementor-element-493f7dfb e-flex e-con-boxed e-con e-parent\" data-id=\"493f7dfb\" data-element_type=\"container\" data-settings=\"{&quot;background_background&quot;:&quot;classic&quot;}\">\n\t\t\t\t\t<div class=\"e-con-inner\">\n\t\t\t\t<div class=\"elementor-element elementor-element-49edbfb8 elementor-widget elementor-widget-heading\" data-id=\"49edbfb8\" data-element_type=\"widget\" data-widget_type=\"heading.default\">\n\t\t\t\t<div class=\"elementor-widget-container\">\n\t\t\t\t\t<h2 class=\"elementor-heading-title elementor-size-default\">BOLETINES Y CONVOCATORIAS<\/h2>\t\t\t\t<\/div>\n\t\t\t\t<\/div>\n\t\t\t\t\t<\/div>\n\t\t\t\t<\/div>\n\t\t<div class=\"elementor-element elementor-element-c34b91d e-flex e-con-boxed e-con e-parent\" data-id=\"c34b91d\" data-element_type=\"container\">\n\t\t\t\t\t<div class=\"e-con-inner\">\n\t\t<div class=\"elementor-element elementor-element-bb82d5c e-con-full e-flex e-con e-child\" data-id=\"bb82d5c\" data-element_type=\"container\">\n\t\t\t\t<div class=\"elementor-element elementor-element-606529e elementor-widget elementor-widget-sina_blogpost\" data-id=\"606529e\" data-element_type=\"widget\" data-widget_type=\"sina_blogpost.default\">\n\t\t\t\t<div class=\"elementor-widget-container\">\n\t\t\t\t\t\t\t\t<div class=\"sina-blogpost sina-bp-606529e\"\r\n\t\t\tdata-uid=\"606529e\"\r\n\t\t\tdata-offset=\"5\"\r\n\t\t\tdata-posts-data='{\"post_type\":\"post\",\"posts_num\":5,\"offset\":5,\"total_posts\":5,\"layout\":\"list\",\"columns\":\"1\",\"layout_type\":\"default\",\"custom_columns\":null,\"categories\":[\"9\"],\"tags\":\"\",\"order_by\":\"date\",\"sort\":\"DESC\",\"posts_text\":\"yes\",\"excerpt\":\"\",\"content_length\":25,\"posts_meta\":\"\",\"thumb_right\":\"\",\"is_thumb\":null,\"read_more_effect\":\"sina-anim-right-move\",\"read_more_text\":\"Ver m\\u00e1s\",\"read_more_icon\":\"icofont icofont-presentation\",\"read_more_icon_align\":\"right\",\"effects\":\"\",\"cats_position\":null,\"cats_icon\":null,\"posts_avatar\":null,\"avatar_size\":null,\"read_btn_bg_layer_effects\":\"\",\"bg_layer_effects\":\"sina-hv-door-h\"}'>\r\n\t\t\t\t<div class=\"sina-bp-grid\">\r\n\t\t\t\t\t<div class=\"sina-bp-grid-sizer\"><\/div>\r\n\t\t\t\t\t\t\t\t\t\t\t\t<div class=\"sina-bp-col sina-bp-item-1 sina-bp-list  \">\r\n\t\t<div class=\"sina-bp sina-hv-door-h\">\r\n\t\t\t<div class=\"sina-bg-thumb sina-bg-cover\"\r\n\t\t\t\t\t\t\t\t\tstyle=\"background-image: url(https:\/\/acbirpichincha.com.ec\/wp-content\/uploads\/2024\/10\/CONVOCATORIA-ELECCIONES-21-10-2024-pdf-scaled.jpg);\"\r\n\t\t\t\t>\r\n\t\t\t\t<div class=\"sina-overlay\">\r\n\t\t\t\t\t<a href=\"https:\/\/acbirpichincha.com.ec\/index.php\/2024\/10\/23\/asociacion-de-corredores-de-bienes-raices-de-pichinchaconvocatoria-a-elecciones-periodo-2025-2027\/\"><\/a>\r\n\t\t\t\t<\/div>\r\n\t\t\t<\/div>\r\n\t\t\t<div class=\"sina-bp-content\">\r\n\t\t\t\t<div class=\"sina-pb-inner-content\">\r\n\t\t\t\t\t\t\t\t\t\t<h2 class=\"sina-bp-title\">\r\n\t\t\t\t\t\t<a href=\"https:\/\/acbirpichincha.com.ec\/index.php\/2024\/10\/23\/asociacion-de-corredores-de-bienes-raices-de-pichinchaconvocatoria-a-elecciones-periodo-2025-2027\/\">CONVOCATORIA A ELECCIONES PER\u00cdODO 2025-2027 ASOCIACI\u00d3N DE CORREDORES DE BIENES RA\u00cdCES DE PICHINCHA<\/a>\r\n\t\t\t\t\t<\/h2>\r\n\t\t\t\t\t\r\n\t\t\t\t\t\t\t\t\t\t\t<div class=\"sina-bp-text\">\r\n\t\t\t\t\t\t\tREGLAMENTO DE ELECCIONES ACBIR PICHINCHA Download PDF\t\t\t\t\t\t<\/div>\r\n\t\t\t\t\t\r\n\t\t\t\t\t\t\t\t\t\t\t<div class=\"sina-btn-wrapper\">\r\n\t\t\t\t\t\t\t<a href=\"https:\/\/acbirpichincha.com.ec\/index.php\/2024\/10\/23\/asociacion-de-corredores-de-bienes-raices-de-pichinchaconvocatoria-a-elecciones-periodo-2025-2027\/\" class=\"sina-read-more sina-anim-right-move \">\r\n\t\t\t\t\t\t\t\t\t\tVer m\u00e1s\t\t\t\t\t<i class=\"icofont icofont-presentation sina-icon-right\"><\/i>\r\n\t\t\t\t\t\t\t\t\t\t<\/a>\r\n\t\t\t\t\t\t<\/div>\r\n\t\t\t\t\t\t\t\t\t<\/div>\r\n\t\t\t\t\t\t\t<\/div>\r\n\t\t<\/div>\r\n\t<\/div>\r\n\t<div class=\"sina-bp-col sina-bp-item-1 sina-bp-list  \">\r\n\t\t<div class=\"sina-bp sina-hv-door-h\">\r\n\t\t\t<div class=\"sina-bg-thumb sina-bg-cover\"\r\n\t\t\t\t\t\t\t\t\tstyle=\"background-image: url(https:\/\/acbirpichincha.com.ec\/wp-content\/uploads\/2024\/10\/DSC_2027-scaled.jpg);\"\r\n\t\t\t\t>\r\n\t\t\t\t<div class=\"sina-overlay\">\r\n\t\t\t\t\t<a href=\"https:\/\/acbirpichincha.com.ec\/index.php\/2024\/10\/22\/asamblea-general-extraordinaria-de-socios-miercoles-16-de-octubre-de-2024\/\"><\/a>\r\n\t\t\t\t<\/div>\r\n\t\t\t<\/div>\r\n\t\t\t<div class=\"sina-bp-content\">\r\n\t\t\t\t<div class=\"sina-pb-inner-content\">\r\n\t\t\t\t\t\t\t\t\t\t<h2 class=\"sina-bp-title\">\r\n\t\t\t\t\t\t<a href=\"https:\/\/acbirpichincha.com.ec\/index.php\/2024\/10\/22\/asamblea-general-extraordinaria-de-socios-miercoles-16-de-octubre-de-2024\/\">Asamblea General Extraordinaria de Socios, 16\/10\/2024<\/a>\r\n\t\t\t\t\t<\/h2>\r\n\t\t\t\t\t\r\n\t\t\t\t\t\t\t\t\t\t\t<div class=\"sina-bp-text\">\r\n\t\t\t\t\t\t\tEstimados SociosEl d\u00eda mi\u00e9rcoles 16 de octubre de 2024 se llev\u00f3 a cabo la Asamblea General Extraordinaria de Socios para la conformaci\u00f3n del Tribunal Electoral,&hellip;\t\t\t\t\t\t<\/div>\r\n\t\t\t\t\t\r\n\t\t\t\t\t\t\t\t\t\t\t<div class=\"sina-btn-wrapper\">\r\n\t\t\t\t\t\t\t<a href=\"https:\/\/acbirpichincha.com.ec\/index.php\/2024\/10\/22\/asamblea-general-extraordinaria-de-socios-miercoles-16-de-octubre-de-2024\/\" class=\"sina-read-more sina-anim-right-move \">\r\n\t\t\t\t\t\t\t\t\t\tVer m\u00e1s\t\t\t\t\t<i class=\"icofont icofont-presentation sina-icon-right\"><\/i>\r\n\t\t\t\t\t\t\t\t\t\t<\/a>\r\n\t\t\t\t\t\t<\/div>\r\n\t\t\t\t\t\t\t\t\t<\/div>\r\n\t\t\t\t\t\t\t<\/div>\r\n\t\t<\/div>\r\n\t<\/div>\r\n\t<div class=\"sina-bp-col sina-bp-item-1 sina-bp-list  \">\r\n\t\t<div class=\"sina-bp sina-hv-door-h\">\r\n\t\t\t<div class=\"sina-bg-thumb sina-bg-cover\"\r\n\t\t\t\t\t\t\t\t\tstyle=\"background-image: url(https:\/\/acbirpichincha.com.ec\/wp-content\/uploads\/2025\/11\/Cuales-son-las-normas-generales-de-etica-profesional.jpg);\"\r\n\t\t\t\t>\r\n\t\t\t\t<div class=\"sina-overlay\">\r\n\t\t\t\t\t<a href=\"https:\/\/acbirpichincha.com.ec\/index.php\/2024\/06\/26\/dia-del-corredor-inmobiliario\/\"><\/a>\r\n\t\t\t\t<\/div>\r\n\t\t\t<\/div>\r\n\t\t\t<div class=\"sina-bp-content\">\r\n\t\t\t\t<div class=\"sina-pb-inner-content\">\r\n\t\t\t\t\t\t\t\t\t\t<h2 class=\"sina-bp-title\">\r\n\t\t\t\t\t\t<a href=\"https:\/\/acbirpichincha.com.ec\/index.php\/2024\/06\/26\/dia-del-corredor-inmobiliario\/\">D\u00eda del Corredor Inmobiliario<\/a>\r\n\t\t\t\t\t<\/h2>\r\n\t\t\t\t\t\r\n\t\t\t\t\t\t\t\t\t\t\t<div class=\"sina-bp-text\">\r\n\t\t\t\t\t\t\tBOLET\u00cdN DE PRENSA&nbsp; &nbsp; &nbsp; &nbsp; &nbsp; &nbsp; &nbsp; &nbsp; &nbsp; &nbsp; &nbsp; &nbsp; &nbsp; &nbsp; &nbsp; &nbsp; &nbsp; &nbsp; &nbsp; &nbsp; &nbsp; &nbsp; &nbsp;&hellip;\t\t\t\t\t\t<\/div>\r\n\t\t\t\t\t\r\n\t\t\t\t\t\t\t\t\t\t\t<div class=\"sina-btn-wrapper\">\r\n\t\t\t\t\t\t\t<a href=\"https:\/\/acbirpichincha.com.ec\/index.php\/2024\/06\/26\/dia-del-corredor-inmobiliario\/\" class=\"sina-read-more sina-anim-right-move \">\r\n\t\t\t\t\t\t\t\t\t\tVer m\u00e1s\t\t\t\t\t<i class=\"icofont icofont-presentation sina-icon-right\"><\/i>\r\n\t\t\t\t\t\t\t\t\t\t<\/a>\r\n\t\t\t\t\t\t<\/div>\r\n\t\t\t\t\t\t\t\t\t<\/div>\r\n\t\t\t\t\t\t\t<\/div>\r\n\t\t<\/div>\r\n\t<\/div>\r\n\t<div class=\"sina-bp-col sina-bp-item-1 sina-bp-list  \">\r\n\t\t<div class=\"sina-bp sina-hv-door-h\">\r\n\t\t\t<div class=\"sina-bg-thumb sina-bg-cover\"\r\n\t\t\t\t\t\t\t\t\tstyle=\"background-image: url(https:\/\/acbirpichincha.com.ec\/wp-content\/uploads\/2024\/05\/6.jpg);\"\r\n\t\t\t\t>\r\n\t\t\t\t<div class=\"sina-overlay\">\r\n\t\t\t\t\t<a href=\"https:\/\/acbirpichincha.com.ec\/index.php\/2024\/05\/02\/elementor-732\/\"><\/a>\r\n\t\t\t\t<\/div>\r\n\t\t\t<\/div>\r\n\t\t\t<div class=\"sina-bp-content\">\r\n\t\t\t\t<div class=\"sina-pb-inner-content\">\r\n\t\t\t\t\t\t\t\t\t\t<h2 class=\"sina-bp-title\">\r\n\t\t\t\t\t\t<a href=\"https:\/\/acbirpichincha.com.ec\/index.php\/2024\/05\/02\/elementor-732\/\">Graduaci\u00f3n de la Promoci\u00f3n 46 de Corredores de Bienes Ra\u00edces de ACBIR\u00a0 Pichincha<\/a>\r\n\t\t\t\t\t<\/h2>\r\n\t\t\t\t\t\r\n\t\t\t\t\t\t\t\t\t\t\t<div class=\"sina-bp-text\">\r\n\t\t\t\t\t\t\tBOLET\u00cdN DE PRENSALunes, 29 abril de 2024La promoci\u00f3n 46 de corredores de Bienes Ra\u00edces de la provincia de Pichincha celebr\u00f3 su graduaci\u00f3n con gran entusiasmo&hellip;\t\t\t\t\t\t<\/div>\r\n\t\t\t\t\t\r\n\t\t\t\t\t\t\t\t\t\t\t<div class=\"sina-btn-wrapper\">\r\n\t\t\t\t\t\t\t<a href=\"https:\/\/acbirpichincha.com.ec\/index.php\/2024\/05\/02\/elementor-732\/\" class=\"sina-read-more sina-anim-right-move \">\r\n\t\t\t\t\t\t\t\t\t\tVer m\u00e1s\t\t\t\t\t<i class=\"icofont icofont-presentation sina-icon-right\"><\/i>\r\n\t\t\t\t\t\t\t\t\t\t<\/a>\r\n\t\t\t\t\t\t<\/div>\r\n\t\t\t\t\t\t\t\t\t<\/div>\r\n\t\t\t\t\t\t\t<\/div>\r\n\t\t<\/div>\r\n\t<\/div>\r\n\t<div class=\"sina-bp-col sina-bp-item-1 sina-bp-list  \">\r\n\t\t<div class=\"sina-bp sina-hv-door-h\">\r\n\t\t\t<div class=\"sina-bg-thumb sina-bg-cover\"\r\n\t\t\t\t\t\t\t\t\tstyle=\"background-image: url(https:\/\/acbirpichincha.com.ec\/wp-content\/uploads\/2024\/02\/WhatsApp-Image-2024-02-19-at-13.30.443.jpeg);\"\r\n\t\t\t\t>\r\n\t\t\t\t<div class=\"sina-overlay\">\r\n\t\t\t\t\t<a href=\"https:\/\/acbirpichincha.com.ec\/index.php\/2024\/02\/19\/asamblea-07-02-2024\/\"><\/a>\r\n\t\t\t\t<\/div>\r\n\t\t\t<\/div>\r\n\t\t\t<div class=\"sina-bp-content\">\r\n\t\t\t\t<div class=\"sina-pb-inner-content\">\r\n\t\t\t\t\t\t\t\t\t\t<h2 class=\"sina-bp-title\">\r\n\t\t\t\t\t\t<a href=\"https:\/\/acbirpichincha.com.ec\/index.php\/2024\/02\/19\/asamblea-07-02-2024\/\">Asamblea 07-02-2024<\/a>\r\n\t\t\t\t\t<\/h2>\r\n\t\t\t\t\t\r\n\t\t\t\t\t\t\t\t\t\t\t<div class=\"sina-bp-text\">\r\n\t\t\t\t\t\t\tEl 7 de febrero se llev\u00f3 a cabo la Asamblea en las oficinas de Acbir Pichincha\t\t\t\t\t\t<\/div>\r\n\t\t\t\t\t\r\n\t\t\t\t\t\t\t\t\t\t\t<div class=\"sina-btn-wrapper\">\r\n\t\t\t\t\t\t\t<a href=\"https:\/\/acbirpichincha.com.ec\/index.php\/2024\/02\/19\/asamblea-07-02-2024\/\" class=\"sina-read-more sina-anim-right-move \">\r\n\t\t\t\t\t\t\t\t\t\tVer m\u00e1s\t\t\t\t\t<i class=\"icofont icofont-presentation sina-icon-right\"><\/i>\r\n\t\t\t\t\t\t\t\t\t\t<\/a>\r\n\t\t\t\t\t\t<\/div>\r\n\t\t\t\t\t\t\t\t\t<\/div>\r\n\t\t\t\t\t\t\t<\/div>\r\n\t\t<\/div>\r\n\t<\/div>\r\n\t\t\t\t\t\t\t\t\t\t\t\t\t\t<\/div>\r\n\r\n\t\t\t\t\r\n\t\t\t\t\t\t\t\t<input type=\"hidden\" id=\"sina_load_more_posts606529e\" name=\"sina_load_more_posts606529e\" value=\"bf2133ea79\" \/><input type=\"hidden\" name=\"_wp_http_referer\" value=\"\/index.php\/wp-json\/wp\/v2\/pages\/457\" \/>\t\t\t<\/div><!-- .sina-blogpost -->\r\n\t\t\t\t\t\t\t<\/div>\n\t\t\t\t<\/div>\n\t\t\t\t<\/div>\n\t\t<div class=\"elementor-element elementor-element-63b3666 e-con-full e-flex e-con e-child\" data-id=\"63b3666\" data-element_type=\"container\" data-settings=\"{&quot;background_background&quot;:&quot;classic&quot;}\">\n\t\t\t\t<div class=\"elementor-element elementor-element-b506f3a elementor-widget elementor-widget-sidebar\" data-id=\"b506f3a\" data-element_type=\"widget\" data-widget_type=\"sidebar.default\">\n\t\t\t\t<div class=\"elementor-widget-container\">\n\t\t\t\t\t<aside id=\"block-5\" class=\"widget widget_block\">\n<div class=\"wp-block-group is-layout-flow wp-block-group-is-layout-flow\">\n<h2 class=\"wp-block-heading\">Archivos<\/h2>\n\n\n<ul class=\"wp-block-archives-list wp-block-archives\">\t<li><a href='https:\/\/acbirpichincha.com.ec\/index.php\/2026\/01\/'>enero 2026<\/a><\/li>\n\t<li><a href='https:\/\/acbirpichincha.com.ec\/index.php\/2025\/09\/'>septiembre 2025<\/a><\/li>\n\t<li><a href='https:\/\/acbirpichincha.com.ec\/index.php\/2025\/04\/'>abril 2025<\/a><\/li>\n\t<li><a href='https:\/\/acbirpichincha.com.ec\/index.php\/2024\/12\/'>diciembre 2024<\/a><\/li>\n\t<li><a href='https:\/\/acbirpichincha.com.ec\/index.php\/2024\/10\/'>octubre 2024<\/a><\/li>\n\t<li><a href='https:\/\/acbirpichincha.com.ec\/index.php\/2024\/09\/'>septiembre 2024<\/a><\/li>\n\t<li><a href='https:\/\/acbirpichincha.com.ec\/index.php\/2024\/08\/'>agosto 2024<\/a><\/li>\n\t<li><a href='https:\/\/acbirpichincha.com.ec\/index.php\/2024\/06\/'>junio 2024<\/a><\/li>\n\t<li><a href='https:\/\/acbirpichincha.com.ec\/index.php\/2024\/05\/'>mayo 2024<\/a><\/li>\n\t<li><a href='https:\/\/acbirpichincha.com.ec\/index.php\/2024\/02\/'>febrero 2024<\/a><\/li>\n<\/ul><\/div>\n<\/aside>\t\t\t\t<\/div>\n\t\t\t\t<\/div>\n\t\t\t\t<\/div>\n\t\t\t\t\t<\/div>\n\t\t\t\t<\/div>\n\t\t\t\t<\/div>\n\t\t","protected":false},"excerpt":{"rendered":"<p>BOLETINES Y CONVOCATORIAS CONVOCATORIA A ELECCIONES PER\u00cdODO 2025-2027 ASOCIACI\u00d3N DE CORREDORES DE BIENES RA\u00cdCES DE PICHINCHA REGLAMENTO DE ELECCIONES ACBIR [&hellip;]<\/p>\n","protected":false},"author":2,"featured_media":0,"parent":0,"menu_order":0,"comment_status":"closed","ping_status":"closed","template":"","meta":{"site-sidebar-layout":"no-sidebar","site-content-layout":"","ast-site-content-layout":"full-width-container","site-content-style":"default","site-sidebar-style":"default","ast-global-header-display":"","ast-banner-title-visibility":"","ast-main-header-display":"","ast-hfb-above-header-display":"","ast-hfb-below-header-display":"","ast-hfb-mobile-header-display":"","site-post-title":"disabled","ast-breadcrumbs-content":"","ast-featured-img":"disabled","footer-sml-layout":"","theme-transparent-header-meta":"","adv-header-id-meta":"","stick-header-meta":"","header-above-stick-meta":"","header-main-stick-meta":"","header-below-stick-meta":"","astra-migrate-meta-layouts":"default","ast-page-background-enabled":"default","ast-page-background-meta":{"desktop":{"background-color":"var(--ast-global-color-4)","background-image":"","background-repeat":"repeat","background-position":"center center","background-size":"auto","background-attachment":"scroll","background-type":"","background-media":"","overlay-type":"","overlay-color":"","overlay-opacity":"","overlay-gradient":""},"tablet":{"background-color":"","background-image":"","background-repeat":"repeat","background-position":"center center","background-size":"auto","background-attachment":"scroll","background-type":"","background-media":"","overlay-type":"","overlay-color":"","overlay-opacity":"","overlay-gradient":""},"mobile":{"background-color":"","background-image":"","background-repeat":"repeat","background-position":"center center","background-size":"auto","background-attachment":"scroll","background-type":"","background-media":"","overlay-type":"","overlay-color":"","overlay-opacity":"","overlay-gradient":""}},"ast-content-background-meta":{"desktop":{"background-color":"var(--ast-global-color-5)","background-image":"","background-repeat":"repeat","background-position":"center center","background-size":"auto","background-attachment":"scroll","background-type":"","background-media":"","overlay-type":"","overlay-color":"","overlay-opacity":"","overlay-gradient":""},"tablet":{"background-color":"var(--ast-global-color-5)","background-image":"","background-repeat":"repeat","background-position":"center center","background-size":"auto","background-attachment":"scroll","background-type":"","background-media":"","overlay-type":"","overlay-color":"","overlay-opacity":"","overlay-gradient":""},"mobile":{"background-color":"var(--ast-global-color-5)","background-image":"","background-repeat":"repeat","background-position":"center center","background-size":"auto","background-attachment":"scroll","background-type":"","background-media":"","overlay-type":"","overlay-color":"","overlay-opacity":"","overlay-gradient":""}},"footnotes":""},"class_list":["post-457","page","type-page","status-publish","hentry"],"yoast_head":"<!-- This site is optimized with the Yoast SEO plugin v26.0 - https:\/\/yoast.com\/wordpress\/plugins\/seo\/ -->\n<title>Boletines y Convocatorias - ACBIR PICHINCHA<\/title>\n<meta name=\"robots\" content=\"index, follow, max-snippet:-1, max-image-preview:large, max-video-preview:-1\" \/>\n<link rel=\"canonical\" href=\"https:\/\/acbirpichincha.com.ec\/index.php\/boletines\/\" \/>\n<meta property=\"og:locale\" content=\"es_ES\" \/>\n<meta property=\"og:type\" content=\"article\" \/>\n<meta property=\"og:title\" content=\"Boletines y Convocatorias - ACBIR PICHINCHA\" \/>\n<meta property=\"og:description\" content=\"BOLETINES Y CONVOCATORIAS CONVOCATORIA A ELECCIONES PER\u00cdODO 2025-2027 ASOCIACI\u00d3N DE CORREDORES DE BIENES RA\u00cdCES DE PICHINCHA REGLAMENTO DE ELECCIONES ACBIR [&hellip;]\" \/>\n<meta property=\"og:url\" content=\"https:\/\/acbirpichincha.com.ec\/index.php\/boletines\/\" \/>\n<meta property=\"og:site_name\" content=\"ACBIR PICHINCHA\" \/>\n<meta property=\"article:publisher\" content=\"https:\/\/www.facebook.com\/ACBRP\" \/>\n<meta property=\"article:modified_time\" content=\"2026-01-19T13:47:43+00:00\" \/>\n<meta property=\"og:image\" content=\"https:\/\/acbirpichincha.com.ec\/wp-content\/uploads\/2024\/03\/Diseno-sin-titulo-e1711041999979.png\" \/>\n\t<meta property=\"og:image:width\" content=\"1467\" \/>\n\t<meta property=\"og:image:height\" content=\"716\" \/>\n\t<meta property=\"og:image:type\" content=\"image\/png\" \/>\n<meta name=\"twitter:card\" content=\"summary_large_image\" \/>\n<meta name=\"twitter:label1\" content=\"Tiempo de lectura\" \/>\n\t<meta name=\"twitter:data1\" content=\"1 minuto\" \/>\n<script type=\"application\/ld+json\" class=\"yoast-schema-graph\">{\"@context\":\"https:\/\/schema.org\",\"@graph\":[{\"@type\":\"Article\",\"@id\":\"https:\/\/acbirpichincha.com.ec\/index.php\/boletines\/#article\",\"isPartOf\":{\"@id\":\"https:\/\/acbirpichincha.com.ec\/index.php\/boletines\/\"},\"author\":{\"name\":\"acbir\",\"@id\":\"https:\/\/acbirpichincha.com.ec\/#\/schema\/person\/a9532c468183d581817ad2d662e4cff6\"},\"headline\":\"Boletines y Convocatorias\",\"datePublished\":\"2024-02-19T19:13:30+00:00\",\"dateModified\":\"2026-01-19T13:47:43+00:00\",\"mainEntityOfPage\":{\"@id\":\"https:\/\/acbirpichincha.com.ec\/index.php\/boletines\/\"},\"wordCount\":170,\"publisher\":{\"@id\":\"https:\/\/acbirpichincha.com.ec\/#organization\"},\"inLanguage\":\"es\"},{\"@type\":\"WebPage\",\"@id\":\"https:\/\/acbirpichincha.com.ec\/index.php\/boletines\/\",\"url\":\"https:\/\/acbirpichincha.com.ec\/index.php\/boletines\/\",\"name\":\"Boletines y Convocatorias - ACBIR PICHINCHA\",\"isPartOf\":{\"@id\":\"https:\/\/acbirpichincha.com.ec\/#website\"},\"datePublished\":\"2024-02-19T19:13:30+00:00\",\"dateModified\":\"2026-01-19T13:47:43+00:00\",\"breadcrumb\":{\"@id\":\"https:\/\/acbirpichincha.com.ec\/index.php\/boletines\/#breadcrumb\"},\"inLanguage\":\"es\",\"potentialAction\":[{\"@type\":\"ReadAction\",\"target\":[\"https:\/\/acbirpichincha.com.ec\/index.php\/boletines\/\"]}]},{\"@type\":\"BreadcrumbList\",\"@id\":\"https:\/\/acbirpichincha.com.ec\/index.php\/boletines\/#breadcrumb\",\"itemListElement\":[{\"@type\":\"ListItem\",\"position\":1,\"name\":\"Portada\",\"item\":\"https:\/\/acbirpichincha.com.ec\/\"},{\"@type\":\"ListItem\",\"position\":2,\"name\":\"Boletines y Convocatorias\"}]},{\"@type\":\"WebSite\",\"@id\":\"https:\/\/acbirpichincha.com.ec\/#website\",\"url\":\"https:\/\/acbirpichincha.com.ec\/\",\"name\":\"ACBIR PICHINCHA\",\"description\":\"Asociacion de Corredores de Bienes Ra\u00edces\",\"publisher\":{\"@id\":\"https:\/\/acbirpichincha.com.ec\/#organization\"},\"potentialAction\":[{\"@type\":\"SearchAction\",\"target\":{\"@type\":\"EntryPoint\",\"urlTemplate\":\"https:\/\/acbirpichincha.com.ec\/?s={search_term_string}\"},\"query-input\":{\"@type\":\"PropertyValueSpecification\",\"valueRequired\":true,\"valueName\":\"search_term_string\"}}],\"inLanguage\":\"es\"},{\"@type\":\"Organization\",\"@id\":\"https:\/\/acbirpichincha.com.ec\/#organization\",\"name\":\"Asociaci\u00f3n de Corredores de Bienes Ra\u00edces de Pichincha\",\"url\":\"https:\/\/acbirpichincha.com.ec\/\",\"logo\":{\"@type\":\"ImageObject\",\"inLanguage\":\"es\",\"@id\":\"https:\/\/acbirpichincha.com.ec\/#\/schema\/logo\/image\/\",\"url\":\"https:\/\/acbirpichincha.com.ec\/wp-content\/uploads\/2025\/09\/logo-oficial-ACBIR-1-300x123-1.webp\",\"contentUrl\":\"https:\/\/acbirpichincha.com.ec\/wp-content\/uploads\/2025\/09\/logo-oficial-ACBIR-1-300x123-1.webp\",\"width\":300,\"height\":123,\"caption\":\"Asociaci\u00f3n de Corredores de Bienes Ra\u00edces de Pichincha\"},\"image\":{\"@id\":\"https:\/\/acbirpichincha.com.ec\/#\/schema\/logo\/image\/\"},\"sameAs\":[\"https:\/\/www.facebook.com\/ACBRP\",\"https:\/\/www.instagram.com\/acbir_pichincha\/\"]},{\"@type\":\"Person\",\"@id\":\"https:\/\/acbirpichincha.com.ec\/#\/schema\/person\/a9532c468183d581817ad2d662e4cff6\",\"name\":\"acbir\",\"image\":{\"@type\":\"ImageObject\",\"inLanguage\":\"es\",\"@id\":\"https:\/\/acbirpichincha.com.ec\/#\/schema\/person\/image\/\",\"url\":\"https:\/\/secure.gravatar.com\/avatar\/c4cf3d34e8bca778a4c97a43bffc4f6345dc1ae7d02e93e64dc12f11b9cea661?s=96&d=mm&r=g\",\"contentUrl\":\"https:\/\/secure.gravatar.com\/avatar\/c4cf3d34e8bca778a4c97a43bffc4f6345dc1ae7d02e93e64dc12f11b9cea661?s=96&d=mm&r=g\",\"caption\":\"acbir\"},\"url\":\"https:\/\/acbirpichincha.com.ec\/index.php\/author\/acbir\/\"}]}<\/script>\n<!-- \/ Yoast SEO plugin. -->","yoast_head_json":{"title":"Boletines y Convocatorias - ACBIR PICHINCHA","robots":{"index":"index","follow":"follow","max-snippet":"max-snippet:-1","max-image-preview":"max-image-preview:large","max-video-preview":"max-video-preview:-1"},"canonical":"https:\/\/acbirpichincha.com.ec\/index.php\/boletines\/","og_locale":"es_ES","og_type":"article","og_title":"Boletines y Convocatorias - ACBIR PICHINCHA","og_description":"BOLETINES Y CONVOCATORIAS CONVOCATORIA A ELECCIONES PER\u00cdODO 2025-2027 ASOCIACI\u00d3N DE CORREDORES DE BIENES RA\u00cdCES DE PICHINCHA REGLAMENTO DE ELECCIONES ACBIR [&hellip;]","og_url":"https:\/\/acbirpichincha.com.ec\/index.php\/boletines\/","og_site_name":"ACBIR PICHINCHA","article_publisher":"https:\/\/www.facebook.com\/ACBRP","article_modified_time":"2026-01-19T13:47:43+00:00","og_image":[{"width":1467,"height":716,"url":"https:\/\/acbirpichincha.com.ec\/wp-content\/uploads\/2024\/03\/Diseno-sin-titulo-e1711041999979.png","type":"image\/png"}],"twitter_card":"summary_large_image","twitter_misc":{"Tiempo de lectura":"1 minuto"},"schema":{"@context":"https:\/\/schema.org","@graph":[{"@type":"Article","@id":"https:\/\/acbirpichincha.com.ec\/index.php\/boletines\/#article","isPartOf":{"@id":"https:\/\/acbirpichincha.com.ec\/index.php\/boletines\/"},"author":{"name":"acbir","@id":"https:\/\/acbirpichincha.com.ec\/#\/schema\/person\/a9532c468183d581817ad2d662e4cff6"},"headline":"Boletines y Convocatorias","datePublished":"2024-02-19T19:13:30+00:00","dateModified":"2026-01-19T13:47:43+00:00","mainEntityOfPage":{"@id":"https:\/\/acbirpichincha.com.ec\/index.php\/boletines\/"},"wordCount":170,"publisher":{"@id":"https:\/\/acbirpichincha.com.ec\/#organization"},"inLanguage":"es"},{"@type":"WebPage","@id":"https:\/\/acbirpichincha.com.ec\/index.php\/boletines\/","url":"https:\/\/acbirpichincha.com.ec\/index.php\/boletines\/","name":"Boletines y Convocatorias - ACBIR PICHINCHA","isPartOf":{"@id":"https:\/\/acbirpichincha.com.ec\/#website"},"datePublished":"2024-02-19T19:13:30+00:00","dateModified":"2026-01-19T13:47:43+00:00","breadcrumb":{"@id":"https:\/\/acbirpichincha.com.ec\/index.php\/boletines\/#breadcrumb"},"inLanguage":"es","potentialAction":[{"@type":"ReadAction","target":["https:\/\/acbirpichincha.com.ec\/index.php\/boletines\/"]}]},{"@type":"BreadcrumbList","@id":"https:\/\/acbirpichincha.com.ec\/index.php\/boletines\/#breadcrumb","itemListElement":[{"@type":"ListItem","position":1,"name":"Portada","item":"https:\/\/acbirpichincha.com.ec\/"},{"@type":"ListItem","position":2,"name":"Boletines y Convocatorias"}]},{"@type":"WebSite","@id":"https:\/\/acbirpichincha.com.ec\/#website","url":"https:\/\/acbirpichincha.com.ec\/","name":"ACBIR PICHINCHA","description":"Asociacion de Corredores de Bienes Ra\u00edces","publisher":{"@id":"https:\/\/acbirpichincha.com.ec\/#organization"},"potentialAction":[{"@type":"SearchAction","target":{"@type":"EntryPoint","urlTemplate":"https:\/\/acbirpichincha.com.ec\/?s={search_term_string}"},"query-input":{"@type":"PropertyValueSpecification","valueRequired":true,"valueName":"search_term_string"}}],"inLanguage":"es"},{"@type":"Organization","@id":"https:\/\/acbirpichincha.com.ec\/#organization","name":"Asociaci\u00f3n de Corredores de Bienes Ra\u00edces de Pichincha","url":"https:\/\/acbirpichincha.com.ec\/","logo":{"@type":"ImageObject","inLanguage":"es","@id":"https:\/\/acbirpichincha.com.ec\/#\/schema\/logo\/image\/","url":"https:\/\/acbirpichincha.com.ec\/wp-content\/uploads\/2025\/09\/logo-oficial-ACBIR-1-300x123-1.webp","contentUrl":"https:\/\/acbirpichincha.com.ec\/wp-content\/uploads\/2025\/09\/logo-oficial-ACBIR-1-300x123-1.webp","width":300,"height":123,"caption":"Asociaci\u00f3n de Corredores de Bienes Ra\u00edces de Pichincha"},"image":{"@id":"https:\/\/acbirpichincha.com.ec\/#\/schema\/logo\/image\/"},"sameAs":["https:\/\/www.facebook.com\/ACBRP","https:\/\/www.instagram.com\/acbir_pichincha\/"]},{"@type":"Person","@id":"https:\/\/acbirpichincha.com.ec\/#\/schema\/person\/a9532c468183d581817ad2d662e4cff6","name":"acbir","image":{"@type":"ImageObject","inLanguage":"es","@id":"https:\/\/acbirpichincha.com.ec\/#\/schema\/person\/image\/","url":"https:\/\/secure.gravatar.com\/avatar\/c4cf3d34e8bca778a4c97a43bffc4f6345dc1ae7d02e93e64dc12f11b9cea661?s=96&d=mm&r=g","contentUrl":"https:\/\/secure.gravatar.com\/avatar\/c4cf3d34e8bca778a4c97a43bffc4f6345dc1ae7d02e93e64dc12f11b9cea661?s=96&d=mm&r=g","caption":"acbir"},"url":"https:\/\/acbirpichincha.com.ec\/index.php\/author\/acbir\/"}]}},"_hostinger_reach_plugin_has_subscription_block":false,"_hostinger_reach_plugin_is_elementor":false,"_links":{"self":[{"href":"https:\/\/acbirpichincha.com.ec\/index.php\/wp-json\/wp\/v2\/pages\/457","targetHints":{"allow":["GET"]}}],"collection":[{"href":"https:\/\/acbirpichincha.com.ec\/index.php\/wp-json\/wp\/v2\/pages"}],"about":[{"href":"https:\/\/acbirpichincha.com.ec\/index.php\/wp-json\/wp\/v2\/types\/page"}],"author":[{"embeddable":true,"href":"https:\/\/acbirpichincha.com.ec\/index.php\/wp-json\/wp\/v2\/users\/2"}],"replies":[{"embeddable":true,"href":"https:\/\/acbirpichincha.com.ec\/index.php\/wp-json\/wp\/v2\/comments?post=457"}],"version-history":[{"count":29,"href":"https:\/\/acbirpichincha.com.ec\/index.php\/wp-json\/wp\/v2\/pages\/457\/revisions"}],"predecessor-version":[{"id":2453,"href":"https:\/\/acbirpichincha.com.ec\/index.php\/wp-json\/wp\/v2\/pages\/457\/revisions\/2453"}],"wp:attachment":[{"href":"https:\/\/acbirpichincha.com.ec\/index.php\/wp-json\/wp\/v2\/media?parent=457"}],"curies":[{"name":"wp","href":"https:\/\/api.w.org\/{rel}","templated":true}]}}